{"id":16,"date":"2023-02-28T08:36:40","date_gmt":"2023-02-28T08:36:40","guid":{"rendered":"https:\/\/cybermatiktraining.fr\/?page_id=16"},"modified":"2023-02-28T08:43:06","modified_gmt":"2023-02-28T08:43:06","slug":"power-platform","status":"publish","type":"page","link":"https:\/\/cybermatiktraining.fr\/?page_id=16","title":{"rendered":"Power Platform"},"content":{"rendered":"\n<p>Nous proposons des formations appliqu\u00e9es sur la Power Platform int\u00e9gr\u00e9e \u00e0 Microsoft 365.<\/p>\n\n\n\n<p>Power Apps, Power Automate, Power BI, ces logiciels n&rsquo;auront bient\u00f4t plus de secrets pour vous. Et bonne nouvelle, nous r\u00e9alisons nos formations dans le cadre de vos besoins, en r\u00e9alisant pas \u00e0 pas avec vous directement vos syst\u00e8mes int\u00e9gr\u00e9 dans votre domaine d&rsquo;activit\u00e9.<\/p>\n\n\n\n<p><\/p>\n","protected":false},"excerpt":{"rendered":"<p>Nous proposons des formations appliqu\u00e9es sur la Power Platform int\u00e9gr\u00e9e \u00e0 Microsoft 365. Power Apps, Power Automate, Power BI, ces logiciels n&rsquo;auront bient\u00f4t plus de secrets pour vous. Et bonne nouvelle, nous r\u00e9alisons nos formations dans le cadre de vos besoins, en r\u00e9alisant pas \u00e0 pas avec vous directement vos syst\u00e8mes int\u00e9gr\u00e9 dans votre domaine [&hellip;]<\/p>\n","protected":false},"author":1,"featured_media":0,"parent":0,"menu_order":0,"comment_status":"closed","ping_status":"closed","template":"","meta":{"footnotes":""},"_links":{"self":[{"href":"https:\/\/cybermatiktraining.fr\/index.php?rest_route=\/wp\/v2\/pages\/16"}],"collection":[{"href":"https:\/\/cybermatiktraining.fr\/index.php?rest_route=\/wp\/v2\/pages"}],"about":[{"href":"https:\/\/cybermatiktraining.fr\/index.php?rest_route=\/wp\/v2\/types\/page"}],"author":[{"embeddable":true,"href":"https:\/\/cybermatiktraining.fr\/index.php?rest_route=\/wp\/v2\/users\/1"}],"replies":[{"embeddable":true,"href":"https:\/\/cybermatiktraining.fr\/index.php?rest_route=%2Fwp%2Fv2%2Fcomments&post=16"}],"version-history":[{"count":2,"href":"https:\/\/cybermatiktraining.fr\/index.php?rest_route=\/wp\/v2\/pages\/16\/revisions"}],"predecessor-version":[{"id":24,"href":"https:\/\/cybermatiktraining.fr\/index.php?rest_route=\/wp\/v2\/pages\/16\/revisions\/24"}],"wp:attachment":[{"href":"https:\/\/cybermatiktraining.fr\/index.php?rest_route=%2Fwp%2Fv2%2Fmedia&parent=16"}],"curies":[{"name":"wp","href":"https:\/\/api.w.org\/{rel}","templated":true}]}}