{"id":2,"date":"2023-02-27T16:18:40","date_gmt":"2023-02-27T16:18:40","guid":{"rendered":"http:\/\/cybermatiktraining.fr\/?page_id=2"},"modified":"2023-02-28T08:50:33","modified_gmt":"2023-02-28T08:50:33","slug":"sample-page","status":"publish","type":"page","link":"https:\/\/cybermatiktraining.fr\/","title":{"rendered":"Bienvenue sur Cybermatik Training"},"content":{"rendered":"\n<p>Cybermatik Training regroupe l&rsquo;ensemble des cursus de formations que nous pouvons vous dispenser. Votre formateur propose d\u00e9j\u00e0 de nombreux tutoriels qui vous permettront de vous am\u00e9liorer avec les outils Microsoft.<\/p>\n\n\n\n<blockquote class=\"wp-block-quote is-layout-flow wp-block-quote-is-layout-flow\">\n<figure class=\"wp-block-embed is-type-video is-provider-youtube wp-block-embed-youtube wp-embed-aspect-16-9 wp-has-aspect-ratio\"><div class=\"wp-block-embed__wrapper\">\n<iframe loading=\"lazy\" title=\"Bienvenue sur Cybermatik\" width=\"500\" height=\"281\" src=\"https:\/\/www.youtube.com\/embed\/unSNv-DGhec?feature=oembed\" frameborder=\"0\" allow=\"accelerometer; autoplay; clipboard-write; encrypted-media; gyroscope; picture-in-picture; web-share\" referrerpolicy=\"strict-origin-when-cross-origin\" allowfullscreen><\/iframe>\n<\/div><\/figure>\n<\/blockquote>\n\n\n\n<p>Pour plus d&rsquo;information, visitez le site Cybermatik :<\/p>\n\n\n\n<blockquote class=\"wp-block-quote is-layout-flow wp-block-quote-is-layout-flow\">\n<figure class=\"wp-block-embed is-type-wp-embed is-provider-cybermatik wp-block-embed-cybermatik\"><div class=\"wp-block-embed__wrapper\">\n<blockquote class=\"wp-embedded-content\" data-secret=\"euP0cukuf8\"><a href=\"https:\/\/cybermatik.fr\/\">Cybermatik &#8211; Votre formateur Microsoft 365<\/a><\/blockquote><iframe class=\"wp-embedded-content\" sandbox=\"allow-scripts\" security=\"restricted\" style=\"position: absolute; clip: rect(1px, 1px, 1px, 1px);\" title=\"\u00ab\u00a0Cybermatik &#8211; Votre formateur Microsoft 365\u00a0\u00bb &#8212; Cybermatik\" src=\"https:\/\/cybermatik.fr\/embed\/#?secret=ZXrjZVA30O#?secret=euP0cukuf8\" data-secret=\"euP0cukuf8\" width=\"500\" height=\"282\" frameborder=\"0\" marginwidth=\"0\" marginheight=\"0\" scrolling=\"no\"><\/iframe>\n<\/div><\/figure>\n<\/blockquote>\n\n\n\n<p>Pour tout renseignement, contactez nous ! contact@cybermatik.fr<\/p>\n","protected":false},"excerpt":{"rendered":"<p>Cybermatik Training regroupe l&rsquo;ensemble des cursus de formations que nous pouvons vous dispenser. Votre formateur propose d\u00e9j\u00e0 de nombreux tutoriels qui vous permettront de vous am\u00e9liorer avec les outils Microsoft. Pour plus d&rsquo;information, visitez le site Cybermatik : Pour tout renseignement, contactez nous ! contact@cybermatik.fr<\/p>\n","protected":false},"author":1,"featured_media":0,"parent":0,"menu_order":0,"comment_status":"closed","ping_status":"open","template":"","meta":{"footnotes":""},"_links":{"self":[{"href":"https:\/\/cybermatiktraining.fr\/index.php?rest_route=\/wp\/v2\/pages\/2"}],"collection":[{"href":"https:\/\/cybermatiktraining.fr\/index.php?rest_route=\/wp\/v2\/pages"}],"about":[{"href":"https:\/\/cybermatiktraining.fr\/index.php?rest_route=\/wp\/v2\/types\/page"}],"author":[{"embeddable":true,"href":"https:\/\/cybermatiktraining.fr\/index.php?rest_route=\/wp\/v2\/users\/1"}],"replies":[{"embeddable":true,"href":"https:\/\/cybermatiktraining.fr\/index.php?rest_route=%2Fwp%2Fv2%2Fcomments&post=2"}],"version-history":[{"count":2,"href":"https:\/\/cybermatiktraining.fr\/index.php?rest_route=\/wp\/v2\/pages\/2\/revisions"}],"predecessor-version":[{"id":29,"href":"https:\/\/cybermatiktraining.fr\/index.php?rest_route=\/wp\/v2\/pages\/2\/revisions\/29"}],"wp:attachment":[{"href":"https:\/\/cybermatiktraining.fr\/index.php?rest_route=%2Fwp%2Fv2%2Fmedia&parent=2"}],"curies":[{"name":"wp","href":"https:\/\/api.w.org\/{rel}","templated":true}]}}