{"id":9,"date":"2023-02-28T08:35:16","date_gmt":"2023-02-28T08:35:16","guid":{"rendered":"https:\/\/cybermatiktraining.fr\/?page_id=9"},"modified":"2023-02-28T08:45:00","modified_gmt":"2023-02-28T08:45:00","slug":"office-365","status":"publish","type":"page","link":"https:\/\/cybermatiktraining.fr\/?page_id=9","title":{"rendered":"Office 365"},"content":{"rendered":"\n<p>Les logiciels de la suite offices font parti des plus utilis\u00e9s dans le monde professionnel. Leur bonne utilisation est cl\u00e9 pour gagner en efficacit\u00e9 de travail.<\/p>\n\n\n\n<p>Word, Excel et PowerPoint sont con\u00e7us avec un nombre cons\u00e9quent de fonctionnalit\u00e9 dont la bonne connaissance peut vous faire gagner des heures de travail.<\/p>\n","protected":false},"excerpt":{"rendered":"<p>Les logiciels de la suite offices font parti des plus utilis\u00e9s dans le monde professionnel. Leur bonne utilisation est cl\u00e9 pour gagner en efficacit\u00e9 de travail. Word, Excel et PowerPoint sont con\u00e7us avec un nombre cons\u00e9quent de fonctionnalit\u00e9 dont la bonne connaissance peut vous faire gagner des heures de travail.<\/p>\n","protected":false},"author":1,"featured_media":0,"parent":0,"menu_order":0,"comment_status":"closed","ping_status":"closed","template":"","meta":{"footnotes":""},"_links":{"self":[{"href":"https:\/\/cybermatiktraining.fr\/index.php?rest_route=\/wp\/v2\/pages\/9"}],"collection":[{"href":"https:\/\/cybermatiktraining.fr\/index.php?rest_route=\/wp\/v2\/pages"}],"about":[{"href":"https:\/\/cybermatiktraining.fr\/index.php?rest_route=\/wp\/v2\/types\/page"}],"author":[{"embeddable":true,"href":"https:\/\/cybermatiktraining.fr\/index.php?rest_route=\/wp\/v2\/users\/1"}],"replies":[{"embeddable":true,"href":"https:\/\/cybermatiktraining.fr\/index.php?rest_route=%2Fwp%2Fv2%2Fcomments&post=9"}],"version-history":[{"count":2,"href":"https:\/\/cybermatiktraining.fr\/index.php?rest_route=\/wp\/v2\/pages\/9\/revisions"}],"predecessor-version":[{"id":26,"href":"https:\/\/cybermatiktraining.fr\/index.php?rest_route=\/wp\/v2\/pages\/9\/revisions\/26"}],"wp:attachment":[{"href":"https:\/\/cybermatiktraining.fr\/index.php?rest_route=%2Fwp%2Fv2%2Fmedia&parent=9"}],"curies":[{"name":"wp","href":"https:\/\/api.w.org\/{rel}","templated":true}]}}